{"id":2,"date":"2017-10-21T07:50:47","date_gmt":"2017-10-21T07:50:47","guid":{"rendered":"https:\/\/vozglobal.net\/blog\/?page_id=2"},"modified":"2017-10-21T08:37:05","modified_gmt":"2017-10-21T08:37:05","slug":"sample-page","status":"publish","type":"page","link":"https:\/\/vozglobal.net\/blog\/sample-page\/","title":{"rendered":"Quienes Somos!"},"content":{"rendered":"<p align=\"justify\">Voz Global es una empresa fundada en Enero de 2006. Nos especializamos en ofrecer productos y servicios en el \u00e1rea de telecomunicaciones en general y Seguridad Electr\u00f3nica, Somos Partner certificados de Unify (Antiguamente Siemens Enterprise Communications) en sociedad estrat\u00e9gica con R3 Networking, formando el grupo VGR3, nuestro objetivo es proporcionar un servicio profesional, cort\u00e9s y oportuno del m\u00e1s alto nivel.<\/p>\n<p align=\"justify\">Adicionalmente integramos todas nuestras soluciones con equipos de fabricantes con las marcas mejor posicionadas en el mercado de la tecnolog\u00eda, Cisco, Huawei, Mikrotik, Ubiquiti, TP-Link, Panasonic, Grandstream, Digium, Sangoma, Etc.<\/p>\n<p align=\"justify\">Gestionamos proyectos de Ingeniera, para PYMES y grandes corporaciones, en materia de cableado estructurado, Sistemas de seguridad y control de acceso, Servidores de comunicaciones de VoIP, enlaces privados de radio, Fibra \u00d3ptica, etc<\/p>\n<p align=\"justify\">Si tiene alguna pregunta o le gustar\u00eda hablar con un representante del grupo VGR3. \u00a0env\u00edenos un correo electr\u00f3nico a <a href=\"mailto:info@vozglobal.net\">info@vozglobal.net<\/a><\/p>\n<p align=\"justify\">En Voz Global, el cliente siempre es lo primero.<\/p>\n","protected":false},"excerpt":{"rendered":"<p>Voz Global es una empresa fundada en Enero de 2006. Nos especializamos en ofrecer productos y servicios en el \u00e1rea de telecomunicaciones en general y Seguridad Electr\u00f3nica, Somos Partner certificados de Unify (Antiguamente Siemens Enterprise Communications) en sociedad estrat\u00e9gica con <a href=\"https:\/\/vozglobal.net\/blog\/sample-page\/\" class=\"read-more\">Leer mas&#8230;<\/a><\/p>\n","protected":false},"author":1,"featured_media":0,"parent":0,"menu_order":0,"comment_status":"closed","ping_status":"open","template":"","meta":{"footnotes":""},"class_list":["post-2","page","type-page","status-publish","hentry"],"_links":{"self":[{"href":"https:\/\/vozglobal.net\/blog\/wp-json\/wp\/v2\/pages\/2","targetHints":{"allow":["GET"]}}],"collection":[{"href":"https:\/\/vozglobal.net\/blog\/wp-json\/wp\/v2\/pages"}],"about":[{"href":"https:\/\/vozglobal.net\/blog\/wp-json\/wp\/v2\/types\/page"}],"author":[{"embeddable":true,"href":"https:\/\/vozglobal.net\/blog\/wp-json\/wp\/v2\/users\/1"}],"replies":[{"embeddable":true,"href":"https:\/\/vozglobal.net\/blog\/wp-json\/wp\/v2\/comments?post=2"}],"version-history":[{"count":3,"href":"https:\/\/vozglobal.net\/blog\/wp-json\/wp\/v2\/pages\/2\/revisions"}],"predecessor-version":[{"id":15,"href":"https:\/\/vozglobal.net\/blog\/wp-json\/wp\/v2\/pages\/2\/revisions\/15"}],"wp:attachment":[{"href":"https:\/\/vozglobal.net\/blog\/wp-json\/wp\/v2\/media?parent=2"}],"curies":[{"name":"wp","href":"https:\/\/api.w.org\/{rel}","templated":true}]}}